{"id":260,"date":"2025-08-22T07:27:06","date_gmt":"2025-08-22T07:27:06","guid":{"rendered":"https:\/\/ganienergia.it\/?page_id=260"},"modified":"2025-09-07T15:52:26","modified_gmt":"2025-09-07T15:52:26","slug":"chi-siamo","status":"publish","type":"page","link":"https:\/\/ganienergia.it\/index.php\/chi-siamo\/","title":{"rendered":"Chi Siamo"},"content":{"rendered":"\t\t<div data-elementor-type=\"wp-page\" data-elementor-id=\"260\" class=\"elementor elementor-260\">\n\t\t\t\t<div class=\"elementor-element elementor-element-undefined-807b190 e-flex e-con-boxed e-con e-parent\" data-id=\"undefined-807b190\" data-element_type=\"container\" data-settings=\"{&quot;background_background&quot;:&quot;classic&quot;}\">\n\t\t\t\t\t<div class=\"e-con-inner\">\n\t\t<div class=\"elementor-element elementor-element-undefined-35ce8a0 e-con-full e-flex e-con e-child\" data-id=\"undefined-35ce8a0\" data-element_type=\"container\">\n\t\t\t\t<div class=\"elementor-element elementor-element-undefined-38b2cf1 elementor-widget elementor-widget-heading\" data-id=\"undefined-38b2cf1\" data-element_type=\"widget\" data-widget_type=\"heading.default\">\n\t\t\t\t<div class=\"elementor-widget-container\">\n\t\t\t\t\t<h2 class=\"elementor-heading-title elementor-size-default\">La nostra storia<\/h2>\t\t\t\t<\/div>\n\t\t\t\t<\/div>\n\t\t\t\t<div class=\"elementor-element elementor-element-undefined-6cb6e8c elementor-widget elementor-widget-text-editor\" data-id=\"undefined-6cb6e8c\" data-element_type=\"widget\" data-widget_type=\"text-editor.default\">\n\t\t\t\t<div class=\"elementor-widget-container\">\n\t\t\t\t\t\t\t\t\t<p>Le radici della Gani affondano all\u2019inizio degli anni \u201990, quando la societ\u00e0 ha iniziato a distinguersi nella manutenzione di impianti di riscaldamento e condizionamento, operando nelle province di Milano, Monza e Brianza, Como e Varese.<\/p><p>Parallelamente, gi\u00e0 dal 1986, la <strong>S.A.B.I. s.a.s.,<\/strong> azienda di conduzione familiare attiva nel settore energetico, si affermava nel territorio come punto di riferimento per la progettazione e realizzazione di impianti termici e per l\u2019assistenza tecnica qualificata.<\/p><p>Entrambe le realt\u00e0 hanno sempre condiviso i valori di professionalit\u00e0, affidabilit\u00e0 e vicinanza al cliente, consolidando nel tempo un patrimonio di competenze e relazioni che ha portato, nell\u2019<strong>aprile 2024<\/strong>, alla <strong>fusione per incorporazione tra le due societ\u00e0.<\/strong><\/p>\t\t\t\t\t\t\t\t<\/div>\n\t\t\t\t<\/div>\n\t\t<div class=\"elementor-element elementor-element-fe1f1ce e-con-full e-flex e-con e-child\" data-id=\"fe1f1ce\" data-element_type=\"container\">\n\t\t\t\t<div class=\"elementor-element elementor-element-0e987d4 elementor-widget elementor-widget-heading\" data-id=\"0e987d4\" data-element_type=\"widget\" data-widget_type=\"heading.default\">\n\t\t\t\t<div class=\"elementor-widget-container\">\n\t\t\t\t\t<h2 class=\"elementor-heading-title elementor-size-default\">Gani oggi<\/h2>\t\t\t\t<\/div>\n\t\t\t\t<\/div>\n\t\t\t\t<div class=\"elementor-element elementor-element-5132c94 elementor-widget elementor-widget-text-editor\" data-id=\"5132c94\" data-element_type=\"widget\" data-widget_type=\"text-editor.default\">\n\t\t\t\t<div class=\"elementor-widget-container\">\n\t\t\t\t\t\t\t\t\t<p>Dalla fusione con la S.A.B.I. \u00e8 nata una realt\u00e0 ancora pi\u00f9 solida, strutturata e capace di offrire un servizio completo e altamente professionale.<\/p><p>Gani oggi segue i propri clienti in ogni fase: dalla progettazione e installazione di impianti di riscaldamento e condizionamento fino alla manutenzione ordinaria e straordinaria, garantendo soluzioni su misura per privati, aziende, condomini e pubbliche amministrazioni.<\/p><p>Negli ultimi anni l\u2019azienda ha inoltre consolidato partnership strategiche con player di primaria importanza del settore energetico, come <strong data-start=\"1522\" data-end=\"1538\">E.On Energia<\/strong>, con cui collabora direttamente sul territorio brianzolo attraverso un punto E.On a <strong data-start=\"1623\" data-end=\"1641\">Cesano Maderno<\/strong>, dove offre anche soluzioni luce e gas alla clientela.<\/p><p>L\u2019integrazione di competenze, risorse e collaborazioni qualificate ha permesso di elevare ulteriormente la qualit\u00e0 dei servizi, assicurando interventi rapidi, efficienti e orientati all\u2019innovazione e all\u2019efficientamento energetico.<\/p>\t\t\t\t\t\t\t\t<\/div>\n\t\t\t\t<\/div>\n\t\t\t\t<\/div>\n\t\t\t\t<\/div>\n\t\t<div class=\"elementor-element elementor-element-undefined-f8bfcd5 e-con-full e-flex e-con e-child\" data-id=\"undefined-f8bfcd5\" data-element_type=\"container\">\n\t\t\t\t<div class=\"elementor-element elementor-element-undefined-64f715e elementor-widget elementor-widget-image\" data-id=\"undefined-64f715e\" data-element_type=\"widget\" data-widget_type=\"image.default\">\n\t\t\t\t<div class=\"elementor-widget-container\">\n\t\t\t\t\t\t\t\t\t\t\t\t\t\t\t<img decoding=\"async\" src=\"https:\/\/gene.elementor.red\/wp-content\/uploads\/2024\/02\/wireframe-img-1-e1708013680578.png\" title=\"\" alt=\"\" loading=\"lazy\" \/>\t\t\t\t\t\t\t\t\t\t\t\t\t\t\t<\/div>\n\t\t\t\t<\/div>\n\t\t\t\t<div class=\"elementor-element elementor-element-b6b60a4 elementor-widget elementor-widget-image\" data-id=\"b6b60a4\" data-element_type=\"widget\" data-widget_type=\"image.default\">\n\t\t\t\t<div class=\"elementor-widget-container\">\n\t\t\t\t\t\t\t\t\t\t\t\t\t\t\t<img decoding=\"async\" src=\"https:\/\/ganienergia.it\/wp-content\/plugins\/elementor\/assets\/images\/placeholder.png\" title=\"\" alt=\"\" loading=\"lazy\" \/>\t\t\t\t\t\t\t\t\t\t\t\t\t\t\t<\/div>\n\t\t\t\t<\/div>\n\t\t\t\t<\/div>\n\t\t\t\t\t<\/div>\n\t\t\t\t<\/div>\n\t\t\t\t<\/div>\n\t\t","protected":false},"excerpt":{"rendered":"<p>La nostra storia Le radici della Gani affondano all\u2019inizio degli anni \u201990, quando la societ\u00e0 ha iniziato a distinguersi nella manutenzione di impianti di riscaldamento e condizionamento, operando nelle province di Milano, Monza e Brianza, Como e Varese. Parallelamente, gi\u00e0 dal 1986, la S.A.B.I. s.a.s., azienda di conduzione familiare attiva nel settore energetico, si affermava [&hellip;]<\/p>\n","protected":false},"author":1,"featured_media":0,"parent":0,"menu_order":0,"comment_status":"closed","ping_status":"closed","template":"","meta":{"footnotes":""},"class_list":["post-260","page","type-page","status-publish","hentry"],"_links":{"self":[{"href":"https:\/\/ganienergia.it\/index.php\/wp-json\/wp\/v2\/pages\/260","targetHints":{"allow":["GET"]}}],"collection":[{"href":"https:\/\/ganienergia.it\/index.php\/wp-json\/wp\/v2\/pages"}],"about":[{"href":"https:\/\/ganienergia.it\/index.php\/wp-json\/wp\/v2\/types\/page"}],"author":[{"embeddable":true,"href":"https:\/\/ganienergia.it\/index.php\/wp-json\/wp\/v2\/users\/1"}],"replies":[{"embeddable":true,"href":"https:\/\/ganienergia.it\/index.php\/wp-json\/wp\/v2\/comments?post=260"}],"version-history":[{"count":13,"href":"https:\/\/ganienergia.it\/index.php\/wp-json\/wp\/v2\/pages\/260\/revisions"}],"predecessor-version":[{"id":334,"href":"https:\/\/ganienergia.it\/index.php\/wp-json\/wp\/v2\/pages\/260\/revisions\/334"}],"wp:attachment":[{"href":"https:\/\/ganienergia.it\/index.php\/wp-json\/wp\/v2\/media?parent=260"}],"curies":[{"name":"wp","href":"https:\/\/api.w.org\/{rel}","templated":true}]}}